{"id":40,"date":"2024-07-24T16:29:43","date_gmt":"2024-07-24T16:29:43","guid":{"rendered":"https:\/\/www.mistrzceremonii.com\/?page_id=40"},"modified":"2024-07-25T19:35:43","modified_gmt":"2024-07-25T19:35:43","slug":"strona-glowna","status":"publish","type":"page","link":"https:\/\/www.mistrzceremonii.com\/","title":{"rendered":"STRONA G\u0141\u00d3WNA"},"content":{"rendered":"\n    \n    <section class=\"u-clearfix u-container-align-center u-image u-section-2\" id=\"sec-542c\" data-image-width=\"1920\" data-image-height=\"1080\" style=\"background-image: url(&quot;https:\/\/www.mistrzceremonii.com\/wp-content\/uploads\/2024\/07\/tlo.png&quot;);\">\n      <div class=\"u-clearfix u-sheet u-sheet-1\">\n        <p class=\"u-align-justify u-text u-text-default u-text-palette-3-base u-text-1\"> Pogrzeb to bardzo trudny czas w \u017cyciu.\nUtrata osoby bliskiej jest wydarzeniem smutnym, czasami traumatycznym, kt\u00f3re\n\u0142\u0105czy si\u0119&nbsp;z wieloma emocjami jak \u017cal, smutek. Mimo tych wszystkich uczu\u0107 zawsze\npojawia si\u0119 potrzeba zorganizowania godnego pogrzebu. Jednym z element\u00f3w\nprzygotowania ceremonii pogrzebowej jest dostosowanie go do ostatniej woli\nzmar\u0142ego.&nbsp;<br>\n          <br>Pogrzeb \u015bwiecki nie jest pogrzebem\nateistycznym, jest to tylko pogrzeb niereligijny. Jako Mistrz Ceremonii\nuczestnicz\u0119 w pogrzebach \u015bwieckich, ale r\u00f3wnie\u017c uczestnicz\u0119 w pogrzebach\nreligijnych, jako ten, kt\u00f3ry potrafi opowiedzie\u0107 w imieniu rodziny i najbli\u017cszych&nbsp;o\nosobie zmar\u0142ej, o jej \u017cyciu, dokonaniach, prze\u017cyciach, o tym co pozostawia po\nsobie, jak b\u0119dzie wspominana.&nbsp;<br>\n          <br>W pogrzebach \u015bwieckich, mog\u0105 by\u0107 u\u017cyte\nelementy lub symbole religijne w takim stopniu jak \u017cyczy sobie tego rodzina.&nbsp;<br>\n          <br>W ceremoni\u0119 pogrzebu \u015bwieckiego, mo\u017cna\nr\u00f3wnie\u017c w\u0142\u0105czy\u0107 obecno\u015b\u0107 duchownego, jest to zgodne z kanonami religijnymi\nr\u00f3\u017cnych wyzna\u0144.&nbsp;<br>\n          <br>Mistrz ceremonii jest osob\u0105 odpowiedzialn\u0105\nza przeprowadzenie pogrzebu. Zamiast modlitwy mistrz ceremonii odczytuje mow\u0119\npogrzebow\u0105&nbsp;(laudacj\u0119), aby w pi\u0119kny i godny spos\u00f3b po\u017cegna\u0107 drugiego\ncz\u0142owieka.&nbsp;<br>\n          <br>Na pogrzebie z udzia\u0142em&nbsp;mistrza\nceremonii&nbsp;nie odprawia si\u0119 tradycyjnych obrz\u0119d\u00f3w danej religii. Zamiast\ntego skupia si\u0119 na opowiedzeniu o zmar\u0142ym, przedstawieniu jego \u017cycia, wyra\u017caniu\nsmutku po stracie. Na&nbsp;pogrzeby \u015bwieckie&nbsp;decyduj\u0105 si\u0119 nie tylko osoby\nniezwi\u0105zane z \u017cadn\u0105 religi\u0105. Niekt\u00f3re osoby pragn\u0105 po\u0142\u0105czy\u0107&nbsp;elementy\nreligijne ze \u015bwieckimi&nbsp; ale z pewnych\nindywidualnych powod\u00f3w. To pragnienie realizuje Mistrz ceremonii.\n        <\/p>\n      <\/div>\n    <\/section>\n    \n    \n    \n    \n  \n","protected":false},"excerpt":{"rendered":"<p>Pogrzeb to bardzo trudny czas w \u017cyciu. Utrata osoby bliskiej jest wydarzeniem smutnym, czasami traumatycznym, kt\u00f3re \u0142\u0105czy si\u0119&nbsp;z wieloma emocjami jak \u017cal, smutek. Mimo tych wszystkich uczu\u0107 zawsze pojawia si\u0119 potrzeba zorganizowania godnego pogrzebu. Jednym z element\u00f3w przygotowania ceremonii pogrzebowej jest dostosowanie go do ostatniej woli zmar\u0142ego.&nbsp; Pogrzeb \u015bwiecki nie jest pogrzebem ateistycznym, jest to &hellip; <a href=\"https:\/\/www.mistrzceremonii.com\/\" class=\"more-link\">Continue reading<span class=\"screen-reader-text\"> &#8222;STRONA G\u0141\u00d3WNA&#8221;<\/span><\/a><\/p>\n","protected":false},"author":1,"featured_media":0,"parent":0,"menu_order":0,"comment_status":"closed","ping_status":"closed","template":"","meta":{"_breakdance_hide_in_design_set":false,"_breakdance_tags":"","footnotes":""},"class_list":["post-40","page","type-page","status-publish","hentry"],"_links":{"self":[{"href":"https:\/\/www.mistrzceremonii.com\/index.php\/wp-json\/wp\/v2\/pages\/40"}],"collection":[{"href":"https:\/\/www.mistrzceremonii.com\/index.php\/wp-json\/wp\/v2\/pages"}],"about":[{"href":"https:\/\/www.mistrzceremonii.com\/index.php\/wp-json\/wp\/v2\/types\/page"}],"author":[{"embeddable":true,"href":"https:\/\/www.mistrzceremonii.com\/index.php\/wp-json\/wp\/v2\/users\/1"}],"replies":[{"embeddable":true,"href":"https:\/\/www.mistrzceremonii.com\/index.php\/wp-json\/wp\/v2\/comments?post=40"}],"version-history":[{"count":2,"href":"https:\/\/www.mistrzceremonii.com\/index.php\/wp-json\/wp\/v2\/pages\/40\/revisions"}],"predecessor-version":[{"id":73,"href":"https:\/\/www.mistrzceremonii.com\/index.php\/wp-json\/wp\/v2\/pages\/40\/revisions\/73"}],"wp:attachment":[{"href":"https:\/\/www.mistrzceremonii.com\/index.php\/wp-json\/wp\/v2\/media?parent=40"}],"curies":[{"name":"wp","href":"https:\/\/api.w.org\/{rel}","templated":true}]}}