{"id":29,"date":"2024-07-24T16:28:19","date_gmt":"2024-07-24T16:28:19","guid":{"rendered":"https:\/\/www.mistrzceremonii.com\/?page_id=29"},"modified":"2024-07-25T19:36:31","modified_gmt":"2024-07-25T19:36:31","slug":"o-mnie","status":"publish","type":"page","link":"https:\/\/www.mistrzceremonii.com\/index.php\/o-mnie\/","title":{"rendered":"O MNIE"},"content":{"rendered":"\n    \n    <section class=\"u-clearfix u-container-align-center-lg u-container-align-center-md u-container-align-center-sm u-container-align-center-xl u-image u-section-2\" id=\"sec-983b\" data-image-width=\"1920\" data-image-height=\"1080\" style=\"background-image: url(&quot;https:\/\/www.mistrzceremonii.com\/wp-content\/uploads\/2024\/07\/to.png&quot;);\">\n      <div class=\"u-clearfix u-sheet u-sheet-1\">\n        <h2 class=\"u-align-center u-text u-text-default u-text-palette-3-base u-text-1\">O MNIE <\/h2>\n        <p class=\"u-align-justify u-text u-text-default u-text-palette-3-base u-text-2\"> Jestem mistrzem \u015bwieckich ceremonii\npogrzebowych.&nbsp;<br>\n          <br>Przygotowuj\u0119 i prowadz\u0119 ceremonie, w\nkt\u00f3rych szczeg\u00f3ln\u0105 uwag\u0119 przywi\u0105zuj\u0119 do empatii i wsparcia os\u00f3b znajduj\u0105cych\nsi\u0119 w jednej&nbsp;z najtrudniejszych sytuacji \u017cyciowych.&nbsp;<br>\n          <br>Oferuj\u0119 przygotowanie pe\u0142nej ceremonii\n\u015bwieckiego pogrzebu: po\u017cegnanie osoby zmar\u0142ej w wybranym miejscu, odprowadzenie\nna cmentarz, wyg\u0142oszenie laudacji i po\u017cegnania zmar\u0142ego w imieniu rodziny i\nnajbli\u017cszych.&nbsp;<br>\n          <br>Zanim podj\u0105\u0142em decyzj\u0119 o tym, by prowadzi\u0107\nceremonie pogrzebowe sam kilkukrotnie do\u015bwiadczy\u0142em straty bliskich os\u00f3b. Wiem\njak ci\u0119\u017cko jest przej\u015b\u0107 przez ten proces i jak wa\u017cne jest w\u00f3wczas wsparcie\nosoby, kt\u00f3ra poprowadzi, doradzi w tych trudnych chwilach&nbsp;i z cierpliwo\u015bci\u0105\nprzygotuje jedyn\u0105 w swoim rodzaju uroczysto\u015b\u0107 po\u017cegnania drogiej, bliskiej\nosoby.&nbsp;<br>\n          <br>Dlatego jestem dzi\u015b w tym miejscu i dbam o\nto, by po\u017cegnania, kt\u00f3re prowadz\u0119 mia\u0142y bardzo osobisty charakter i by\u0142y ho\u0142dem\ndla tych, kt\u00f3rzy odeszli.&nbsp;<br>\n          <br>P\u0142ock, \u0141\u00f3d\u017a i Warszawa pozostaje g\u0142\u00f3wnym\nmiejscem mojej dzia\u0142alno\u015bci, cho\u0107 nie jedynym. W razie potrzeby oferuj\u0119 swoje\nus\u0142ugi na terenie ca\u0142ego kraju.&nbsp; &nbsp; &nbsp;<br>\n          <br>Grzegorz Ma\u0144kowski\n        <\/p>\n      <\/div>\n    <\/section>\n    \n    \n    \n    \n  \n","protected":false},"excerpt":{"rendered":"<p>O MNIE Jestem mistrzem \u015bwieckich ceremonii pogrzebowych.&nbsp; Przygotowuj\u0119 i prowadz\u0119 ceremonie, w kt\u00f3rych szczeg\u00f3ln\u0105 uwag\u0119 przywi\u0105zuj\u0119 do empatii i wsparcia os\u00f3b znajduj\u0105cych si\u0119 w jednej&nbsp;z najtrudniejszych sytuacji \u017cyciowych.&nbsp; Oferuj\u0119 przygotowanie pe\u0142nej ceremonii \u015bwieckiego pogrzebu: po\u017cegnanie osoby zmar\u0142ej w wybranym miejscu, odprowadzenie na cmentarz, wyg\u0142oszenie laudacji i po\u017cegnania zmar\u0142ego w imieniu rodziny i najbli\u017cszych.&nbsp; Zanim podj\u0105\u0142em &hellip; <a href=\"https:\/\/www.mistrzceremonii.com\/index.php\/o-mnie\/\" class=\"more-link\">Continue reading<span class=\"screen-reader-text\"> &#8222;O MNIE&#8221;<\/span><\/a><\/p>\n","protected":false},"author":1,"featured_media":0,"parent":0,"menu_order":0,"comment_status":"closed","ping_status":"closed","template":"","meta":{"_breakdance_hide_in_design_set":false,"_breakdance_tags":"","footnotes":""},"class_list":["post-29","page","type-page","status-publish","hentry"],"_links":{"self":[{"href":"https:\/\/www.mistrzceremonii.com\/index.php\/wp-json\/wp\/v2\/pages\/29"}],"collection":[{"href":"https:\/\/www.mistrzceremonii.com\/index.php\/wp-json\/wp\/v2\/pages"}],"about":[{"href":"https:\/\/www.mistrzceremonii.com\/index.php\/wp-json\/wp\/v2\/types\/page"}],"author":[{"embeddable":true,"href":"https:\/\/www.mistrzceremonii.com\/index.php\/wp-json\/wp\/v2\/users\/1"}],"replies":[{"embeddable":true,"href":"https:\/\/www.mistrzceremonii.com\/index.php\/wp-json\/wp\/v2\/comments?post=29"}],"version-history":[{"count":3,"href":"https:\/\/www.mistrzceremonii.com\/index.php\/wp-json\/wp\/v2\/pages\/29\/revisions"}],"predecessor-version":[{"id":75,"href":"https:\/\/www.mistrzceremonii.com\/index.php\/wp-json\/wp\/v2\/pages\/29\/revisions\/75"}],"wp:attachment":[{"href":"https:\/\/www.mistrzceremonii.com\/index.php\/wp-json\/wp\/v2\/media?parent=29"}],"curies":[{"name":"wp","href":"https:\/\/api.w.org\/{rel}","templated":true}]}}