{"id":21,"date":"2024-07-24T16:23:21","date_gmt":"2024-07-24T16:23:21","guid":{"rendered":"https:\/\/www.mistrzceremonii.com\/?page_id=21"},"modified":"2024-07-24T18:44:25","modified_gmt":"2024-07-24T18:44:25","slug":"kontakt","status":"publish","type":"page","link":"https:\/\/www.mistrzceremonii.com\/index.php\/kontakt\/","title":{"rendered":"KONTAKT"},"content":{"rendered":"\n    \n    <section class=\"u-clearfix u-container-align-center u-image u-section-2\" id=\"sec-f3e4\" data-image-width=\"1920\" data-image-height=\"1080\" style=\"background-image: url(&quot;https:\/\/www.mistrzceremonii.com\/wp-content\/uploads\/2024\/07\/tlo.png&quot;);\">\n      <div class=\"u-clearfix u-sheet u-sheet-1\">\n        <h2 class=\"u-align-center u-text u-text-default u-text-palette-3-base u-text-1\"> KONTAKT&nbsp;<br>\n          <br>W celu uzyskania dodatkowych informacji zapraszam do\nkontaktu:&nbsp;\n        <\/h2>\n        <p class=\"u-align-center u-text u-text-default u-text-white u-text-2\">\n          <span style=\"font-size: 3rem;\">Grzegorz Ma\u0144kowski&nbsp;<\/span>\n          <br>\n          <span style=\"font-size: 2.375rem;\">Mistrz Ceremonii Pogrzebowych<\/span>\n          <span style=\"font-size: 2.375rem;\">&nbsp;<\/span>\n          <br>\n          <span style=\"font-size: 3rem;\">730 499 033<\/span>&nbsp;<br>grzegorzmankowski@wp.pl<br>\n          <br>\n        <\/p>\n        <p class=\"u-align-center u-text u-text-default u-text-palette-3-base u-text-3\">\n          <span style=\"font-size: 1rem;\"> Prowadz\u0119 legalnie dzia\u0142aj\u0105c\u0105 firm\u0119 i na\nwszystkie us\u0142ugi wystawiam faktur\u0119 VAT. \nG\u0142\u00f3wnym miejscem mojej dzia\u0142alno\u015bci jest P\u0142ock, \u0141\u00f3d\u017a,\nWarszawa i okolice. \nW razie potrzeby dojad\u0119 do ka\u017cdego miejsca na terenie ca\u0142ego\nkraju.&nbsp;<\/span>\n          <br>\n          <br>\n          <span class=\"u-text-white\">(...)\nodleg\u0142o\u015b\u0107 nie jest przeszkod\u0105 dla pami\u0119ci<\/span>\n        <\/p>\n      <\/div>\n    <\/section>\n    \n    \n    \n    \n  \n","protected":false},"excerpt":{"rendered":"<p>KONTAKT&nbsp; W celu uzyskania dodatkowych informacji zapraszam do kontaktu:&nbsp; Grzegorz Ma\u0144kowski&nbsp; Mistrz Ceremonii Pogrzebowych &nbsp; 730 499 033&nbsp;grzegorzmankowski@wp.pl Prowadz\u0119 legalnie dzia\u0142aj\u0105c\u0105 firm\u0119 i na wszystkie us\u0142ugi wystawiam faktur\u0119 VAT. G\u0142\u00f3wnym miejscem mojej dzia\u0142alno\u015bci jest P\u0142ock, \u0141\u00f3d\u017a, Warszawa i okolice. W razie potrzeby dojad\u0119 do ka\u017cdego miejsca na terenie ca\u0142ego kraju.&nbsp; (&#8230;) odleg\u0142o\u015b\u0107 nie jest przeszkod\u0105 &hellip; <a href=\"https:\/\/www.mistrzceremonii.com\/index.php\/kontakt\/\" class=\"more-link\">Continue reading<span class=\"screen-reader-text\"> &#8222;KONTAKT&#8221;<\/span><\/a><\/p>\n","protected":false},"author":1,"featured_media":0,"parent":0,"menu_order":0,"comment_status":"closed","ping_status":"closed","template":"","meta":{"_breakdance_hide_in_design_set":false,"_breakdance_tags":"","footnotes":""},"class_list":["post-21","page","type-page","status-publish","hentry"],"_links":{"self":[{"href":"https:\/\/www.mistrzceremonii.com\/index.php\/wp-json\/wp\/v2\/pages\/21"}],"collection":[{"href":"https:\/\/www.mistrzceremonii.com\/index.php\/wp-json\/wp\/v2\/pages"}],"about":[{"href":"https:\/\/www.mistrzceremonii.com\/index.php\/wp-json\/wp\/v2\/types\/page"}],"author":[{"embeddable":true,"href":"https:\/\/www.mistrzceremonii.com\/index.php\/wp-json\/wp\/v2\/users\/1"}],"replies":[{"embeddable":true,"href":"https:\/\/www.mistrzceremonii.com\/index.php\/wp-json\/wp\/v2\/comments?post=21"}],"version-history":[{"count":5,"href":"https:\/\/www.mistrzceremonii.com\/index.php\/wp-json\/wp\/v2\/pages\/21\/revisions"}],"predecessor-version":[{"id":89,"href":"https:\/\/www.mistrzceremonii.com\/index.php\/wp-json\/wp\/v2\/pages\/21\/revisions\/89"}],"wp:attachment":[{"href":"https:\/\/www.mistrzceremonii.com\/index.php\/wp-json\/wp\/v2\/media?parent=21"}],"curies":[{"name":"wp","href":"https:\/\/api.w.org\/{rel}","templated":true}]}}